{"id":1035,"date":"2022-06-02T07:14:56","date_gmt":"2022-06-02T07:14:56","guid":{"rendered":"http:\/\/dummy.xtemos.com\/woodmart2\/megamarket\/?page_id=1035"},"modified":"2022-10-07T09:05:43","modified_gmt":"2022-10-07T09:05:43","slug":"iletisim","status":"publish","type":"page","link":"https:\/\/kepenkistanbul.com\/site2\/iletisim\/","title":{"rendered":"\u0130leti\u015fim"},"content":{"rendered":"<ul id=\"wd-633ec4280b80f\" class=\" wd-rs-633ec4280b80f wd-list wd-wpb color-scheme- wd-fontsize-s wd-list-type-image wd-list-style-default wd-justify-left \">\n<li>\n<h4><span class=\"list-content\">Ofis: Mehmet Akif Mah. Muhammer Aksoy Cad. \u00c7aml\u0131ca Sk. No:37 D:1 K.\u00e7ekmece-\u0130stanbul<\/span><\/h4>\n<\/li>\n<li>\n<h4><span class=\"list-content\">0 212 617 24 11 &#8211; 0 533 377 95 49<\/span><\/h4>\n<\/li>\n<li>\n<h4><span class=\"list-content\">info@kepenkistanbul.com<\/span><\/h4>\n<\/li>\n<\/ul>\n","protected":false},"excerpt":{"rendered":"<p>Ofis: Mehmet Akif Mah. Muhammer Aksoy Cad. \u00c7aml\u0131ca Sk. No:37 D:1 K.\u00e7ekmece-\u0130stanbul 0 212 617 24 11 &#8211; 0 533<\/p>\n","protected":false},"author":1,"featured_media":0,"parent":0,"menu_order":0,"comment_status":"closed","ping_status":"closed","template":"","meta":{"footnotes":""},"class_list":["post-1035","page","type-page","status-publish","hentry"],"_links":{"self":[{"href":"https:\/\/kepenkistanbul.com\/site2\/wp-json\/wp\/v2\/pages\/1035","targetHints":{"allow":["GET"]}}],"collection":[{"href":"https:\/\/kepenkistanbul.com\/site2\/wp-json\/wp\/v2\/pages"}],"about":[{"href":"https:\/\/kepenkistanbul.com\/site2\/wp-json\/wp\/v2\/types\/page"}],"author":[{"embeddable":true,"href":"https:\/\/kepenkistanbul.com\/site2\/wp-json\/wp\/v2\/users\/1"}],"replies":[{"embeddable":true,"href":"https:\/\/kepenkistanbul.com\/site2\/wp-json\/wp\/v2\/comments?post=1035"}],"version-history":[{"count":5,"href":"https:\/\/kepenkistanbul.com\/site2\/wp-json\/wp\/v2\/pages\/1035\/revisions"}],"predecessor-version":[{"id":7186,"href":"https:\/\/kepenkistanbul.com\/site2\/wp-json\/wp\/v2\/pages\/1035\/revisions\/7186"}],"wp:attachment":[{"href":"https:\/\/kepenkistanbul.com\/site2\/wp-json\/wp\/v2\/media?parent=1035"}],"curies":[{"name":"wp","href":"https:\/\/api.w.org\/{rel}","templated":true}]}}