{"id":1043,"date":"2022-06-02T07:16:31","date_gmt":"2022-06-02T07:16:31","guid":{"rendered":"http:\/\/dummy.xtemos.com\/woodmart2\/megamarket\/?page_id=1043"},"modified":"2022-10-06T12:06:12","modified_gmt":"2022-10-06T12:06:12","slug":"kepenk-tamir-ve-montaj","status":"publish","type":"page","link":"https:\/\/kepenkistanbul.com\/site2\/kepenk-tamir-ve-montaj\/","title":{"rendered":"Kepenk Tamir ve Montaj"},"content":{"rendered":"<p>[vc_row css=&#8221;.vc_custom_1653046051124{margin-bottom: 40px !important;}&#8221; woodmart_css_id=&#8221;62877b1c52123&#8243; responsive_spacing=&#8221;eyJwYXJhbV90eXBlIjoid29vZG1hcnRfcmVzcG9uc2l2ZV9zcGFjaW5nIiwic2VsZWN0b3JfaWQiOiI2Mjg3N2IxYzUyMTIzIiwic2hvcnRjb2RlIjoidmNfcm93IiwiZGF0YSI6eyJ0YWJsZXQiOnsibWFyZ2luLXRvcCI6Ii0yMHB4In0sIm1vYmlsZSI6e319fQ==&#8221; mobile_bg_img_hidden=&#8221;no&#8221; tablet_bg_img_hidden=&#8221;no&#8221; woodmart_parallax=&#8221;0&#8243; woodmart_gradient_switch=&#8221;no&#8221; woodmart_box_shadow=&#8221;no&#8221; wd_z_index=&#8221;no&#8221; woodmart_disable_overflow=&#8221;0&#8243; row_reverse_mobile=&#8221;0&#8243; row_reverse_tablet=&#8221;0&#8243;][vc_column offset=&#8221;vc_col-lg-6&#8243; woodmart_css_id=&#8221;6256e401ee426&#8243; parallax_scroll=&#8221;no&#8221; woodmart_sticky_column=&#8221;false&#8221; wd_collapsible_content_switcher=&#8221;no&#8221; wd_column_role_offcanvas_desktop=&#8221;no&#8221; wd_column_role_offcanvas_tablet=&#8221;no&#8221; wd_column_role_offcanvas_mobile=&#8221;no&#8221; wd_column_role_content_desktop=&#8221;no&#8221; wd_column_role_content_tablet=&#8221;no&#8221; wd_column_role_content_mobile=&#8221;no&#8221; mobile_bg_img_hidden=&#8221;no&#8221; tablet_bg_img_hidden=&#8221;no&#8221; woodmart_parallax=&#8221;0&#8243; woodmart_box_shadow=&#8221;no&#8221; responsive_spacing=&#8221;eyJwYXJhbV90eXBlIjoid29vZG1hcnRfcmVzcG9uc2l2ZV9zcGFjaW5nIiwic2VsZWN0b3JfaWQiOiI2MjU2ZTQwMWVlNDI2Iiwic2hvcnRjb2RlIjoidmNfY29sdW1uIiwiZGF0YSI6eyJ0YWJsZXQiOnt9LCJtb2JpbGUiOnt9fX0=&#8221; mobile_reset_margin=&#8221;no&#8221; tablet_reset_margin=&#8221;no&#8221; wd_z_index=&#8221;no&#8221;]\t\t\t<link rel=\"stylesheet\" id=\"wd-section-title-css\" href=\"https:\/\/kepenkistanbul.com\/site2\/wp-content\/themes\/woodmart\/css\/parts\/el-section-title.min.css?ver=6.5.4\" type=\"text\/css\" media=\"all\" \/> \t\t\t\t\t\t<link rel=\"stylesheet\" id=\"wd-mod-highlighted-text-css\" href=\"https:\/\/kepenkistanbul.com\/site2\/wp-content\/themes\/woodmart\/css\/parts\/mod-highlighted-text.min.css?ver=6.5.4\" type=\"text\/css\" media=\"all\" \/> \t\t\t\n\t\t<div id=\"wd-633ec4af052c6\" class=\"title-wrapper wd-wpb set-mb-s reset-last-child  wd-rs-633ec4af052c6 wd-title-color-default wd-title-style-default text-left  wd-underline-colored\">\n\t\t\t\n\t\t\t<div class=\"liner-continer\">\n\t\t\t\t<h4 class=\"woodmart-title-container title  wd-font-weight-800 wd-fontsize-xxl\" >\u0130stanbul H\u0131zl\u0131 Kepenk Tamir ve Montaj<\/h4>\n\t\t\t\t\t\t\t<\/div>\n\t\t\t\n\t\t\t\n\t\t\t\n\t\t<\/div>\n\t\t\n\t\t\t\t\t<link rel=\"stylesheet\" id=\"wd-text-block-css\" href=\"https:\/\/kepenkistanbul.com\/site2\/wp-content\/themes\/woodmart\/css\/parts\/el-text-block.min.css?ver=6.5.4\" type=\"text\/css\" media=\"all\" \/> \t\t\t\t\t<div id=\"wd-633e7b8f1bd8f\" class=\"wd-text-block wd-wpb reset-last-child wd-rs-633e7b8f1bd8f text-left \">\n\t\t\t<p class=\"p2\"><span class=\"s1\">D\u00fckkan, ofis, ma\u011faza gibi i\u015fyerlerinin vazge\u00e7ilmezi olan kepenk sistemleri, elektronik sistemler olduklar\u0131 i\u00e7in her an bozulma riski ile kar\u015f\u0131 kar\u015f\u0131yad\u0131rlar. Bu gibi olas\u0131 olumsuzluklarda i\u015f yeri g\u00fcvenli\u011fimiz daha da fazla tehlikeye girmeden derhal teknik servisle ileti\u015fime ge\u00e7mek gerekir.<\/span><\/p>\n<ul class=\"ul1\">\n<li class=\"li3\"><b><\/b><span class=\"s3\"><b>Otomatik kepenk bak\u0131m\u0131<\/b>\u00a0m\u0131 gerekli? Derhal kontroller sa\u011flayarak\u00a0<b>servis hizmetini<\/b>\u00a0ger\u00e7ekle\u015ftirelim.<\/span><\/li>\n<li class=\"li3\"><span class=\"s3\">Kepenk kumandan\u0131z m\u0131 bozuldu ya da kay\u0131p m\u0131 oldu? Kepenk kumandas\u0131 kontrol\u00fc veya de\u011fi\u015fimi yapal\u0131m.<\/span><\/li>\n<li class=\"li3\"><span class=\"s3\">Kepenk a\u00e7\u0131lm\u0131yor mu?\u00a0\u0130lk i\u015f olarak kepenginizin elektrik g\u00fcc\u00fcn\u00fc kesin. Derhal gelip servis hizmetini verelim, sorununuzu \u00e7\u00f6zelim.<\/span><\/li>\n<li class=\"li4\"><span class=\"s1\">Sorununuz her ne olursa olsun 7\/24 bizimle iletime ge\u00e7ebilirsiniz.<\/span><\/li>\n<\/ul>\n\t\t<\/div>\n\t\t\t\t\t<link rel=\"stylesheet\" id=\"wd-info-box-css\" href=\"https:\/\/kepenkistanbul.com\/site2\/wp-content\/themes\/woodmart\/css\/parts\/el-info-box.min.css?ver=6.5.4\" type=\"text\/css\" media=\"all\" \/> \t\t\t\t\t\t<div class=\"info-box-wrapper inline-element\">\n\t\t\t\t<div id=\"wd-633eb571dd9a7\" class=\" wd-rs-633eb571dd9a7 wd-info-box wd-wpb text-left box-icon-align-left box-style- color-scheme- wd-bg-none \"  >\n\t\t\t\t\t\t\t\t\t\t\t<div class=\"box-icon-wrapper  box-with-icon box-icon-simple\">\n\t\t\t\t\t\t\t<div class=\"info-box-icon\">\n\n\t\t\t\t\t\t\t\n\t\t\t\t\t\t\t\t\t\t\t\t\t\t\t\t\t<div class=\"info-svg-wrapper info-icon\" style=\"width: 80px;height: 80px;\"><svg id=\"svg-5498\" xmlns=\"http:\/\/www.w3.org\/2000\/svg\" width=\"64\" height=\"64\" viewBox=\"0 0 64 64\" fill=\"none\"><rect width=\"64\" height=\"64\" fill=\"white\"><\/rect><path d=\"M9 20C9 18.8954 9.89543 18 11 18H38C39.1046 18 40 18.8954 40 20V43C40 44.1046 39.1046 45 38 45H11C9.89543 45 9 44.1046 9 43V20Z\" fill=\"#4488DA\"><\/path><path d=\"M41 24C41 22.8954 41.8954 22 43 22H52.3604C53.3138 22 54.1346 22.6729 54.3216 23.6078L56 32L58.4851 32.6213C59.3754 32.8439 60 33.6438 60 34.5616V43C60 44.1046 59.1046 45 58 45H43C41.8954 45 41 44.1046 41 43V24Z\" fill=\"#D5E1EE\"><\/path><path d=\"M43 25C43 24.4477 43.4477 24 44 24H51.1701C51.6513 24 52.0643 24.3427 52.1529 24.8157L53.2779 30.8157C53.3933 31.4311 52.9212 32 52.2951 32H51C50.4477 32 50 32.4477 50 33C50 33.5523 49.5523 34 49 34H44C43.4477 34 43 33.5523 43 33V25Z\" fill=\"#234875\"><\/path><path d=\"M56 41C56 40.4477 56.4477 40 57 40H60C60.5523 40 61 40.4477 61 41V43C61 43.5523 60.5523 44 60 44H57C56.4477 44 56 43.5523 56 43V41Z\" fill=\"#234875\"><\/path><path d=\"M8 41C8 40.4477 8.44772 40 9 40H12C12.5523 40 13 40.4477 13 41V43C13 43.5523 12.5523 44 12 44H9C8.44772 44 8 43.5523 8 43V41Z\" fill=\"#234875\"><\/path><rect x=\"15\" y=\"40\" width=\"10\" height=\"10\" rx=\"5\" fill=\"#0F2E53\"><\/rect><rect x=\"18\" y=\"43\" width=\"4\" height=\"4\" rx=\"2\" fill=\"#D5E1EE\"><\/rect><rect x=\"45\" y=\"40\" width=\"10\" height=\"10\" rx=\"5\" fill=\"#0F2E53\"><\/rect><rect x=\"48\" y=\"43\" width=\"4\" height=\"4\" rx=\"2\" fill=\"#D5E1EE\"><\/rect><rect x=\"4\" y=\"14\" width=\"22\" height=\"22\" rx=\"11\" fill=\"#F0F0F0\" stroke=\"#0F2E53\" stroke-width=\"2\"><\/rect><path d=\"M15 18V25H19\" stroke=\"#0F2E53\" stroke-width=\"2\"><\/path><\/svg> <\/div>\t\t\t\t\t\t\t\t\t\t\t\t\t\t\t\n\t\t\t\t\t\t\t<\/div>\n\t\t\t\t\t\t<\/div>\n\t\t\t\t\t\t\t\t\t\t<div class=\"info-box-content\">\n\t\t\t\t\t\t<h4 class=\"info-box-title title wd-font-weight- box-title-style-default wd-fontsize-m\">7\/24 H\u0131zl\u0131 Kepenk Servisi<\/h4>\t\t\t\t\t\t<div class=\"info-box-inner set-cont-mb-s reset-last-child\">\n\t\t\t\t\t\t\t<p>T\u00fcm \u0130stanbul&#8217;da ge\u00e7erlidir.<\/p>\n\t\t\t\t\t\t<\/div>\n\n\t\t\t\t\t\t\t\t\t\t\t<\/div>\n\n\t\t\t\t\t\t\t\t\t<\/div>\n\t\t\t<\/div>\n\t\t[\/vc_column][vc_column offset=&#8221;vc_col-lg-6&#8243; woodmart_css_id=&#8221;6256e4071a9be&#8221; parallax_scroll=&#8221;no&#8221; woodmart_sticky_column=&#8221;false&#8221; wd_collapsible_content_switcher=&#8221;no&#8221; wd_column_role_offcanvas_desktop=&#8221;no&#8221; wd_column_role_offcanvas_tablet=&#8221;no&#8221; wd_column_role_offcanvas_mobile=&#8221;no&#8221; wd_column_role_content_desktop=&#8221;no&#8221; wd_column_role_content_tablet=&#8221;no&#8221; wd_column_role_content_mobile=&#8221;no&#8221; mobile_bg_img_hidden=&#8221;no&#8221; tablet_bg_img_hidden=&#8221;no&#8221; woodmart_parallax=&#8221;0&#8243; woodmart_box_shadow=&#8221;no&#8221; responsive_spacing=&#8221;eyJwYXJhbV90eXBlIjoid29vZG1hcnRfcmVzcG9uc2l2ZV9zcGFjaW5nIiwic2VsZWN0b3JfaWQiOiI2MjU2ZTQwNzFhOWJlIiwic2hvcnRjb2RlIjoidmNfY29sdW1uIiwiZGF0YSI6eyJ0YWJsZXQiOnt9LCJtb2JpbGUiOnt9fX0=&#8221; mobile_reset_margin=&#8221;no&#8221; tablet_reset_margin=&#8221;no&#8221; wd_z_index=&#8221;no&#8221;]\t\t<div id=\"wd-633e7f8c66e7b\" class=\"wd-image wd-wpb wd-rs-633e7f8c66e7b text-left \">\n\t\t\t\n\t\t\t<img loading=\"lazy\" decoding=\"async\" width=\"1172\" height=\"959\" src=\"https:\/\/kepenkistanbul.com\/site2\/wp-content\/uploads\/2022\/10\/istanbul-kepenk-tamiri-@1.jpg\" class=\"attachment-full\" alt=\"\" title=\"istanbul kepenk tamiri @1\" srcset=\"https:\/\/kepenkistanbul.com\/site2\/wp-content\/uploads\/2022\/10\/istanbul-kepenk-tamiri-@1.jpg 1172w, https:\/\/kepenkistanbul.com\/site2\/wp-content\/uploads\/2022\/10\/istanbul-kepenk-tamiri-@1-367x300.jpg 367w, https:\/\/kepenkistanbul.com\/site2\/wp-content\/uploads\/2022\/10\/istanbul-kepenk-tamiri-@1-978x800.jpg 978w, https:\/\/kepenkistanbul.com\/site2\/wp-content\/uploads\/2022\/10\/istanbul-kepenk-tamiri-@1-768x628.jpg 768w, https:\/\/kepenkistanbul.com\/site2\/wp-content\/uploads\/2022\/10\/istanbul-kepenk-tamiri-@1-600x491.jpg 600w, https:\/\/kepenkistanbul.com\/site2\/wp-content\/uploads\/2022\/10\/istanbul-kepenk-tamiri-@1-150x123.jpg 150w\" sizes=\"auto, (max-width: 1172px) 100vw, 1172px\" \/>\n\t\t\t\t\t<\/div>\n\t\t[\/vc_column][\/vc_row][vc_row][vc_column width=&#8221;1\/4&#8243; woodmart_css_id=&#8221;633eb4333dea0&#8243; parallax_scroll=&#8221;no&#8221; woodmart_sticky_column=&#8221;false&#8221; wd_collapsible_content_switcher=&#8221;no&#8221; wd_column_role_offcanvas_desktop=&#8221;no&#8221; wd_column_role_offcanvas_tablet=&#8221;no&#8221; wd_column_role_offcanvas_mobile=&#8221;no&#8221; wd_column_role_content_desktop=&#8221;no&#8221; wd_column_role_content_tablet=&#8221;no&#8221; wd_column_role_content_mobile=&#8221;no&#8221; mobile_bg_img_hidden=&#8221;no&#8221; tablet_bg_img_hidden=&#8221;no&#8221; woodmart_parallax=&#8221;0&#8243; woodmart_box_shadow=&#8221;no&#8221; responsive_spacing=&#8221;eyJwYXJhbV90eXBlIjoid29vZG1hcnRfcmVzcG9uc2l2ZV9zcGFjaW5nIiwic2VsZWN0b3JfaWQiOiI2MzNlYjQzMzNkZWEwIiwic2hvcnRjb2RlIjoidmNfY29sdW1uIiwiZGF0YSI6eyJ0YWJsZXQiOnt9LCJtb2JpbGUiOnt9fX0=&#8221; mobile_reset_margin=&#8221;no&#8221; tablet_reset_margin=&#8221;no&#8221; wd_z_index=&#8221;no&#8221;]\t\t\t<div class=\"info-box-wrapper inline-element\">\n\t\t\t\t<div id=\"wd-633eb48dadbc2\" class=\" wd-rs-633eb48dadbc2 wd-info-box wd-wpb text-left box-icon-align-left box-style- color-scheme- wd-bg-none \"  >\n\t\t\t\t\t\t\t\t\t\t\t<div class=\"box-icon-wrapper  box-with-icon box-icon-simple\">\n\t\t\t\t\t\t\t<div class=\"info-box-icon\">\n\n\t\t\t\t\t\t\t\n\t\t\t\t\t\t\t\t\t\t\t\t\t\t\t\t\t<img loading=\"lazy\" decoding=\"async\" class=\"info-icon image-1 \" src=\"https:\/\/kepenkistanbul.com\/site2\/wp-content\/uploads\/2022\/10\/repair-64x64.png\" width=\"64\" height=\"64\" alt=\"repair\" title=\"repair\" \/>\t\t\t\t\t\t\t\t\t\t\t\t\t\t\t\n\t\t\t\t\t\t\t<\/div>\n\t\t\t\t\t\t<\/div>\n\t\t\t\t\t\t\t\t\t\t<div class=\"info-box-content\">\n\t\t\t\t\t\t<h4 class=\"info-box-title title wd-font-weight- box-title-style-default wd-fontsize-m\">\u0130stanbul Kepenk Motor Tamiri ve De\u011fi\u015fimi<\/h4>\t\t\t\t\t\t<div class=\"info-box-inner set-cont-mb-s reset-last-child\">\n\t\t\t\t\t\t\t\t\t\t\t\t\t<\/div>\n\n\t\t\t\t\t\t\t\t\t\t\t<\/div>\n\n\t\t\t\t\t\t\t\t\t<\/div>\n\t\t\t<\/div>\n\t\t[\/vc_column][vc_column width=&#8221;1\/4&#8243;]\t\t\t<div class=\"info-box-wrapper inline-element\">\n\t\t\t\t<div id=\"wd-633eb4ab7dd91\" class=\" wd-rs-633eb4ab7dd91 wd-info-box wd-wpb text-left box-icon-align-left box-style- color-scheme- wd-bg-none \"  >\n\t\t\t\t\t\t\t\t\t\t\t<div class=\"box-icon-wrapper  box-with-icon box-icon-simple\">\n\t\t\t\t\t\t\t<div class=\"info-box-icon\">\n\n\t\t\t\t\t\t\t\n\t\t\t\t\t\t\t\t\t\t\t\t\t\t\t\t\t<img loading=\"lazy\" decoding=\"async\" class=\"info-icon image-1 \" src=\"https:\/\/kepenkistanbul.com\/site2\/wp-content\/uploads\/2022\/10\/repair-64x64.png\" width=\"64\" height=\"64\" alt=\"repair\" title=\"repair\" \/>\t\t\t\t\t\t\t\t\t\t\t\t\t\t\t\n\t\t\t\t\t\t\t<\/div>\n\t\t\t\t\t\t<\/div>\n\t\t\t\t\t\t\t\t\t\t<div class=\"info-box-content\">\n\t\t\t\t\t\t<h4 class=\"info-box-title title wd-font-weight- box-title-style-default wd-fontsize-m\">\u0130stanbul Kepenk G\u00fc\u00e7 Kayna\u011f\u0131 Tamiri ve De\u011fi\u015fimi<\/h4>\t\t\t\t\t\t<div class=\"info-box-inner set-cont-mb-s reset-last-child\">\n\t\t\t\t\t\t\t\t\t\t\t\t\t<\/div>\n\n\t\t\t\t\t\t\t\t\t\t\t<\/div>\n\n\t\t\t\t\t\t\t\t\t<\/div>\n\t\t\t<\/div>\n\t\t[\/vc_column][vc_column width=&#8221;1\/4&#8243;]\t\t\t<div class=\"info-box-wrapper inline-element\">\n\t\t\t\t<div id=\"wd-633eb4b24ab2c\" class=\" wd-rs-633eb4b24ab2c wd-info-box wd-wpb text-left box-icon-align-left box-style- color-scheme- wd-bg-none \"  >\n\t\t\t\t\t\t\t\t\t\t\t<div class=\"box-icon-wrapper  box-with-icon box-icon-simple\">\n\t\t\t\t\t\t\t<div class=\"info-box-icon\">\n\n\t\t\t\t\t\t\t\n\t\t\t\t\t\t\t\t\t\t\t\t\t\t\t\t\t<img loading=\"lazy\" decoding=\"async\" class=\"info-icon image-1 \" src=\"https:\/\/kepenkistanbul.com\/site2\/wp-content\/uploads\/2022\/10\/repair-64x64.png\" width=\"64\" height=\"64\" alt=\"repair\" title=\"repair\" \/>\t\t\t\t\t\t\t\t\t\t\t\t\t\t\t\n\t\t\t\t\t\t\t<\/div>\n\t\t\t\t\t\t<\/div>\n\t\t\t\t\t\t\t\t\t\t<div class=\"info-box-content\">\n\t\t\t\t\t\t<h4 class=\"info-box-title title wd-font-weight- box-title-style-default wd-fontsize-m\">\u0130stanbul Kepenk Kumanda Tamiri ve De\u011fi\u015fimi<\/h4>\t\t\t\t\t\t<div class=\"info-box-inner set-cont-mb-s reset-last-child\">\n\t\t\t\t\t\t\t\t\t\t\t\t\t<\/div>\n\n\t\t\t\t\t\t\t\t\t\t\t<\/div>\n\n\t\t\t\t\t\t\t\t\t<\/div>\n\t\t\t<\/div>\n\t\t[\/vc_column][vc_column width=&#8221;1\/4&#8243;]\t\t\t<div class=\"info-box-wrapper inline-element\">\n\t\t\t\t<div id=\"wd-633eb4c64f1e1\" class=\" wd-rs-633eb4c64f1e1 wd-info-box wd-wpb text-left box-icon-align-left box-style- color-scheme- wd-bg-none \"  >\n\t\t\t\t\t\t\t\t\t\t\t<div class=\"box-icon-wrapper  box-with-icon box-icon-simple\">\n\t\t\t\t\t\t\t<div class=\"info-box-icon\">\n\n\t\t\t\t\t\t\t\n\t\t\t\t\t\t\t\t\t\t\t\t\t\t\t\t\t<img loading=\"lazy\" decoding=\"async\" class=\"info-icon image-1 \" src=\"https:\/\/kepenkistanbul.com\/site2\/wp-content\/uploads\/2022\/10\/repair-64x64.png\" width=\"64\" height=\"64\" alt=\"repair\" title=\"repair\" \/>\t\t\t\t\t\t\t\t\t\t\t\t\t\t\t\n\t\t\t\t\t\t\t<\/div>\n\t\t\t\t\t\t<\/div>\n\t\t\t\t\t\t\t\t\t\t<div class=\"info-box-content\">\n\t\t\t\t\t\t<h4 class=\"info-box-title title wd-font-weight- box-title-style-default wd-fontsize-m\">\u0130stanbul Kepenk Kumanda \u00c7o\u011faltma<\/h4>\t\t\t\t\t\t<div class=\"info-box-inner set-cont-mb-s reset-last-child\">\n\t\t\t\t\t\t\t\t\t\t\t\t\t<\/div>\n\n\t\t\t\t\t\t\t\t\t\t\t<\/div>\n\n\t\t\t\t\t\t\t\t\t<\/div>\n\t\t\t<\/div>\n\t\t[\/vc_column][\/vc_row]<\/p>\n","protected":false},"excerpt":{"rendered":"<p>[vc_row css=&#8221;.vc_custom_1653046051124{margin-bottom: 40px !important;}&#8221; woodmart_css_id=&#8221;62877b1c52123&#8243; responsive_spacing=&#8221;eyJwYXJhbV90eXBlIjoid29vZG1hcnRfcmVzcG9uc2l2ZV9zcGFjaW5nIiwic2VsZWN0b3JfaWQiOiI2Mjg3N2IxYzUyMTIzIiwic2hvcnRjb2RlIjoidmNfcm93IiwiZGF0YSI6eyJ0YWJsZXQiOnsibWFyZ2luLXRvcCI6Ii0yMHB4In0sIm1vYmlsZSI6e319fQ==&#8221; mobile_bg_img_hidden=&#8221;no&#8221; tablet_bg_img_hidden=&#8221;no&#8221; woodmart_parallax=&#8221;0&#8243; woodmart_gradient_switch=&#8221;no&#8221; woodmart_box_shadow=&#8221;no&#8221; wd_z_index=&#8221;no&#8221; woodmart_disable_overflow=&#8221;0&#8243; row_reverse_mobile=&#8221;0&#8243; row_reverse_tablet=&#8221;0&#8243;][vc_column offset=&#8221;vc_col-lg-6&#8243; woodmart_css_id=&#8221;6256e401ee426&#8243; parallax_scroll=&#8221;no&#8221; woodmart_sticky_column=&#8221;false&#8221; wd_collapsible_content_switcher=&#8221;no&#8221;<\/p>\n","protected":false},"author":1,"featured_media":0,"parent":0,"menu_order":0,"comment_status":"closed","ping_status":"closed","template":"","meta":{"footnotes":""},"class_list":["post-1043","page","type-page","status-publish","hentry"],"_links":{"self":[{"href":"https:\/\/kepenkistanbul.com\/site2\/wp-json\/wp\/v2\/pages\/1043","targetHints":{"allow":["GET"]}}],"collection":[{"href":"https:\/\/kepenkistanbul.com\/site2\/wp-json\/wp\/v2\/pages"}],"about":[{"href":"https:\/\/kepenkistanbul.com\/site2\/wp-json\/wp\/v2\/types\/page"}],"author":[{"embeddable":true,"href":"https:\/\/kepenkistanbul.com\/site2\/wp-json\/wp\/v2\/users\/1"}],"replies":[{"embeddable":true,"href":"https:\/\/kepenkistanbul.com\/site2\/wp-json\/wp\/v2\/comments?post=1043"}],"version-history":[{"count":16,"href":"https:\/\/kepenkistanbul.com\/site2\/wp-json\/wp\/v2\/pages\/1043\/revisions"}],"predecessor-version":[{"id":7175,"href":"https:\/\/kepenkistanbul.com\/site2\/wp-json\/wp\/v2\/pages\/1043\/revisions\/7175"}],"wp:attachment":[{"href":"https:\/\/kepenkistanbul.com\/site2\/wp-json\/wp\/v2\/media?parent=1043"}],"curies":[{"name":"wp","href":"https:\/\/api.w.org\/{rel}","templated":true}]}}